{"id":12,"date":"2020-09-22T18:52:47","date_gmt":"2020-09-22T16:52:47","guid":{"rendered":"http:\/\/setller.pl\/?page_id=12"},"modified":"2024-11-18T15:56:08","modified_gmt":"2024-11-18T14:56:08","slug":"strona-glowna","status":"publish","type":"page","link":"http:\/\/setller.pl\/","title":{"rendered":"Strona g\u0142\u00f3wna"},"content":{"rendered":"\n<p><\/p>\n\n\n\n<p>Oferujemy Pa\u0144stwu szeroki wachlarz us\u0142ug rolniczych i towarzysz\u0105cych wykonywanych nowoczesnym sprz\u0119tem specjalistycznym na terenie woj. lubuskiego i o\u015bciennych. Prowadzimy r\u00f3wnie\u017c skup i sprzeda\u017c zb\u00f3\u017c oraz nawoz\u00f3w.  Zapraszamy do zapoznania si\u0119 z nasz\u0105 ofert\u0105. <\/p>\n","protected":false},"excerpt":{"rendered":"<p>Oferujemy Pa\u0144stwu szeroki wachlarz us\u0142ug rolniczych i towarzysz\u0105cych wykonywanych nowoczesnym sprz\u0119tem specjalistycznym na terenie woj. lubuskiego i o\u015bciennych. Prowadzimy r\u00f3wnie\u017c skup i sprzeda\u017c zb\u00f3\u017c oraz nawoz\u00f3w. Zapraszamy do zapoznania si\u0119 z nasz\u0105 ofert\u0105.<\/p>\n","protected":false},"author":1,"featured_media":0,"parent":0,"menu_order":0,"comment_status":"closed","ping_status":"closed","template":"","meta":{"footnotes":""},"class_list":["post-12","page","type-page","status-publish","hentry"],"_links":{"self":[{"href":"http:\/\/setller.pl\/index.php\/wp-json\/wp\/v2\/pages\/12","targetHints":{"allow":["GET"]}}],"collection":[{"href":"http:\/\/setller.pl\/index.php\/wp-json\/wp\/v2\/pages"}],"about":[{"href":"http:\/\/setller.pl\/index.php\/wp-json\/wp\/v2\/types\/page"}],"author":[{"embeddable":true,"href":"http:\/\/setller.pl\/index.php\/wp-json\/wp\/v2\/users\/1"}],"replies":[{"embeddable":true,"href":"http:\/\/setller.pl\/index.php\/wp-json\/wp\/v2\/comments?post=12"}],"version-history":[{"count":8,"href":"http:\/\/setller.pl\/index.php\/wp-json\/wp\/v2\/pages\/12\/revisions"}],"predecessor-version":[{"id":120,"href":"http:\/\/setller.pl\/index.php\/wp-json\/wp\/v2\/pages\/12\/revisions\/120"}],"wp:attachment":[{"href":"http:\/\/setller.pl\/index.php\/wp-json\/wp\/v2\/media?parent=12"}],"curies":[{"name":"wp","href":"https:\/\/api.w.org\/{rel}","templated":true}]}}