{"id":43,"date":"2020-09-22T19:01:59","date_gmt":"2020-09-22T17:01:59","guid":{"rendered":"http:\/\/setller.pl\/?page_id=43"},"modified":"2020-09-22T20:15:54","modified_gmt":"2020-09-22T18:15:54","slug":"o-nas-2","status":"publish","type":"page","link":"http:\/\/setller.pl\/index.php\/o-nas-2\/","title":{"rendered":"O nas"},"content":{"rendered":"\n<p class=\"has-text-align-left\">Jeste\u015bmy zgranym zespo\u0142em ludzi, kt\u00f3rych \u0142\u0105czy wsp\u00f3lne osi\u0105ganie postawionych cel\u00f3w w rzetelny, profesjonalny spos\u00f3b.<\/p>\n\n\n\n<p>Posiadamy grup\u0119 szeroko wykwalifikowanych pracownik\u00f3w z odpowiednimi \nuprawnieniami, m. in. do obs\u0142ugi ci\u0105gnik\u00f3w siod\u0142owych, maszyn \nrolniczych, obs\u0142ugi dokumentacyjnej przedsi\u0119wzi\u0119\u0107.<\/p>\n\n\n\n<p>R\u00f3wnie\u017c wysoko wykwalifikowana kadra zarz\u0105dcza nieustannie podnosi \npoziom wiedzy niezb\u0119dnej do w\u0142a\u015bciwego zarz\u0105dzania firm\u0105 w dynamicznie \nzmiennym otoczeniu.  <\/p>\n","protected":false},"excerpt":{"rendered":"<p>Jeste\u015bmy zgranym zespo\u0142em ludzi, kt\u00f3rych \u0142\u0105czy wsp\u00f3lne osi\u0105ganie postawionych cel\u00f3w w rzetelny, profesjonalny spos\u00f3b. Posiadamy grup\u0119 szeroko wykwalifikowanych pracownik\u00f3w z odpowiednimi uprawnieniami, m. in. do obs\u0142ugi ci\u0105gnik\u00f3w siod\u0142owych, maszyn rolniczych, obs\u0142ugi dokumentacyjnej przedsi\u0119wzi\u0119\u0107. R\u00f3wnie\u017c wysoko wykwalifikowana kadra zarz\u0105dcza nieustannie podnosi poziom wiedzy niezb\u0119dnej do w\u0142a\u015bciwego zarz\u0105dzania firm\u0105 w dynamicznie zmiennym otoczeniu.<\/p>\n","protected":false},"author":1,"featured_media":0,"parent":0,"menu_order":0,"comment_status":"closed","ping_status":"closed","template":"","meta":{"footnotes":""},"class_list":["post-43","page","type-page","status-publish","hentry"],"_links":{"self":[{"href":"http:\/\/setller.pl\/index.php\/wp-json\/wp\/v2\/pages\/43","targetHints":{"allow":["GET"]}}],"collection":[{"href":"http:\/\/setller.pl\/index.php\/wp-json\/wp\/v2\/pages"}],"about":[{"href":"http:\/\/setller.pl\/index.php\/wp-json\/wp\/v2\/types\/page"}],"author":[{"embeddable":true,"href":"http:\/\/setller.pl\/index.php\/wp-json\/wp\/v2\/users\/1"}],"replies":[{"embeddable":true,"href":"http:\/\/setller.pl\/index.php\/wp-json\/wp\/v2\/comments?post=43"}],"version-history":[{"count":3,"href":"http:\/\/setller.pl\/index.php\/wp-json\/wp\/v2\/pages\/43\/revisions"}],"predecessor-version":[{"id":75,"href":"http:\/\/setller.pl\/index.php\/wp-json\/wp\/v2\/pages\/43\/revisions\/75"}],"wp:attachment":[{"href":"http:\/\/setller.pl\/index.php\/wp-json\/wp\/v2\/media?parent=43"}],"curies":[{"name":"wp","href":"https:\/\/api.w.org\/{rel}","templated":true}]}}